{"id":6,"date":"2022-04-09T15:19:15","date_gmt":"2022-04-09T15:19:15","guid":{"rendered":"https:\/\/consentvic.com\/?page_id=6"},"modified":"2022-04-21T18:18:36","modified_gmt":"2022-04-21T17:18:36","slug":"inicio","status":"publish","type":"page","link":"https:\/\/consentvic.com\/es\/","title":{"rendered":"Inicio"},"content":{"rendered":"<div class=\"wp-block-cover alignfull\" style=\"min-height:300px\"><span aria-hidden=\"true\" class=\"has-background-dim-10 wp-block-cover__gradient-background has-background-dim\"><\/span><img loading=\"lazy\" width=\"2560\" height=\"1920\" class=\"wp-block-cover__image-background wp-image-169\" alt=\"\" src=\"https:\/\/consentvic.com\/wp-content\/uploads\/2022\/04\/Imatge-JPEG-220-scaled.jpeg\" style=\"object-position:50% 50%\" data-object-fit=\"cover\" data-object-position=\"50% 50%\" srcset=\"https:\/\/consentvic.com\/wp-content\/uploads\/2022\/04\/Imatge-JPEG-220-scaled.jpeg 2560w, https:\/\/consentvic.com\/wp-content\/uploads\/2022\/04\/Imatge-JPEG-220-300x225.jpeg 300w, https:\/\/consentvic.com\/wp-content\/uploads\/2022\/04\/Imatge-JPEG-220-1024x768.jpeg 1024w, https:\/\/consentvic.com\/wp-content\/uploads\/2022\/04\/Imatge-JPEG-220-768x576.jpeg 768w, https:\/\/consentvic.com\/wp-content\/uploads\/2022\/04\/Imatge-JPEG-220-1536x1152.jpeg 1536w, https:\/\/consentvic.com\/wp-content\/uploads\/2022\/04\/Imatge-JPEG-220-2048x1536.jpeg 2048w, https:\/\/consentvic.com\/wp-content\/uploads\/2022\/04\/Imatge-JPEG-220-16x12.jpeg 16w\" sizes=\"(max-width: 2560px) 100vw, 2560px\" \/><div class=\"wp-block-cover__inner-container\">\n<div style=\"height:80px\" aria-hidden=\"true\" class=\"wp-block-spacer\"><\/div>\n\n\n\n<h1 class=\"has-text-align-center has-nv-site-bg-color has-text-color\">Construccions <\/h1>\n\n\n\n<h1 class=\"has-text-align-center has-nv-text-dark-bg-color has-text-color\">Sentfores Vic S.L<\/h1>\n\n\n\n<p class=\"has-text-align-center has-nv-site-bg-color has-text-color\" style=\"font-size:17px\">Empresa constructora desde 1997. Dedicada a la construcci\u00f3n de vivienda, rehabilitaciones y reformas de todo tipo en empresas, hogares, granjas\u2026<\/p>\n\n\n\n<div class=\"wp-container-1 wp-block-buttons\">\n<div class=\"wp-block-button is-style-primary\"><a class=\"wp-block-button__link\" href=\"https:\/\/consentvic.com\/es\/about\/\">SOBRE NOSOTROS<\/a><\/div>\n\n\n\n<div class=\"wp-block-button is-style-secondary\"><a class=\"wp-block-button__link\" href=\"https:\/\/consentvic.com\/es\/contact\/\">Contacta<\/a><\/div>\n<\/div>\n\n\n\n<div style=\"height:80px\" aria-hidden=\"true\" class=\"wp-block-spacer\"><\/div>\n\n\n\n<div style=\"height:80px\" aria-hidden=\"true\" class=\"wp-block-spacer\"><\/div>\n<\/div><\/div>\n\n\n\n<div style=\"height:80px\" aria-hidden=\"true\" class=\"wp-block-spacer\"><\/div>\n\n\n\n<div class=\"wp-container-2 wp-block-group\"><div class=\"wp-block-group__inner-container\">\n<div class=\"wp-block-columns\">\n<div class=\"wp-block-column\">\n<div class=\"wp-block-image icon-style is-style-default\"><figure class=\"aligncenter size-large is-resized\"><img loading=\"lazy\" src=\"https:\/\/consentvic.com\/wp-content\/themes\/neve\/assets\/img\/new-added\/receipt_long_black_24dp.svg\" alt=\"\" width=\"62\" height=\"62\"\/><\/figure><\/div>\n\n\n\n<div style=\"height:10px\" aria-hidden=\"true\" class=\"wp-block-spacer\"><\/div>\n\n\n\n<h3 class=\"has-text-align-center has-neve-text-color-color has-text-color\">Presupuestos a medida<\/h3>\n\n\n\n<p class=\"has-text-align-center\">Realizamos presupuestos sin compromiso adaptados a las necesidades de cada cliente.<\/p>\n<\/div>\n\n\n\n<div class=\"wp-block-column\">\n<div class=\"wp-block-image icon-style is-style-default\"><figure class=\"aligncenter size-large is-resized\"><img loading=\"lazy\" src=\"https:\/\/consentvic.com\/wp-content\/themes\/neve\/assets\/img\/new-added\/construction_black_24dp.svg\" alt=\"\" width=\"63\" height=\"63\"\/><\/figure><\/div>\n\n\n\n<div style=\"height:10px\" aria-hidden=\"true\" class=\"wp-block-spacer\"><\/div>\n\n\n\n<h3 class=\"has-text-align-center has-neve-text-color-color has-text-color\">Dominio del sector<\/h3>\n\n\n\n<p class=\"has-text-align-center\">Somos especialistas en reformas, rehabilitaciones de vivienda y obra nueva.<\/p>\n\n\n\n<div style=\"height:20px\" aria-hidden=\"true\" class=\"wp-block-spacer\"><\/div>\n<\/div>\n\n\n\n<div class=\"wp-block-column\">\n<div class=\"wp-block-image icon-style is-style-rounded\"><figure class=\"aligncenter size-large is-resized\"><img loading=\"lazy\" src=\"https:\/\/consentvic.com\/wp-content\/themes\/neve\/assets\/img\/new-added\/speed_black_24dp.svg\" alt=\"\" width=\"58\" height=\"58\"\/><\/figure><\/div>\n\n\n\n<div style=\"height:13px\" aria-hidden=\"true\" class=\"wp-block-spacer\"><\/div>\n\n\n\n<h3 class=\"has-text-align-center has-neve-text-color-color has-text-color\">Trabajo r\u00e1pido y eficaz<\/h3>\n\n\n\n<p class=\"has-text-align-center\">Nos esforzamos por conseguir que los proyectos puedan disfrutarse de forma r\u00e1pida, pero al mismo tiempo sin olvidar nuestro principio de eficacia.<\/p>\n\n\n\n<div style=\"height:20px\" aria-hidden=\"true\" class=\"wp-block-spacer\"><\/div>\n<\/div>\n<\/div>\n<\/div><\/div>\n\n\n\n<div style=\"height:80px\" aria-hidden=\"true\" class=\"wp-block-spacer\"><\/div>\n\n\n\n<div class=\"wp-block-cover alignfull\" style=\"min-height:600px\"><span aria-hidden=\"true\" class=\"has-nv-light-bg-background-color has-background-dim-100 wp-block-cover__gradient-background has-background-dim\"><\/span><div class=\"wp-block-cover__inner-container\">\n<div class=\"wp-container-4 wp-block-group\"><div class=\"wp-block-group__inner-container\">\n<div style=\"height:80px\" aria-hidden=\"true\" class=\"wp-block-spacer\"><\/div>\n\n\n\n<div class=\"wp-block-columns are-vertically-aligned-center\">\n<div class=\"wp-block-column is-vertically-aligned-center\" style=\"flex-basis:50%\">\n<figure class=\"wp-block-image size-large\"><img loading=\"lazy\" width=\"1201\" height=\"1202\" src=\"https:\/\/consentvic.com\/wp-content\/uploads\/2022\/04\/PHOTO-2020-03-02-16-36-08-4-edited.jpg\" alt=\"\" class=\"wp-image-175\" srcset=\"https:\/\/consentvic.com\/wp-content\/uploads\/2022\/04\/PHOTO-2020-03-02-16-36-08-4-edited.jpg 1201w, https:\/\/consentvic.com\/wp-content\/uploads\/2022\/04\/PHOTO-2020-03-02-16-36-08-4-edited-300x300.jpg 300w, https:\/\/consentvic.com\/wp-content\/uploads\/2022\/04\/PHOTO-2020-03-02-16-36-08-4-edited-1024x1024.jpg 1024w, https:\/\/consentvic.com\/wp-content\/uploads\/2022\/04\/PHOTO-2020-03-02-16-36-08-4-edited-150x150.jpg 150w, https:\/\/consentvic.com\/wp-content\/uploads\/2022\/04\/PHOTO-2020-03-02-16-36-08-4-edited-768x769.jpg 768w, https:\/\/consentvic.com\/wp-content\/uploads\/2022\/04\/PHOTO-2020-03-02-16-36-08-4-edited-12x12.jpg 12w\" sizes=\"(max-width: 1201px) 100vw, 1201px\" \/><\/figure>\n<\/div>\n\n\n\n<div class=\"wp-block-column is-vertically-aligned-center\" style=\"flex-basis:50%\">\n<div style=\"height:20px\" aria-hidden=\"true\" class=\"wp-block-spacer\"><\/div>\n\n\n\n<h2 class=\"has-text-align-left has-neve-text-color-color has-text-color\">Obra Nueva<\/h2>\n\n\n\n<p class=\"has-text-align-left has-neve-text-color-color has-text-color\" style=\"font-size:17px\">\u00bfCrees que ha llegado el momento de construir la casa de tus sue\u00f1os? En Consentvic S.L te lo ponemos f\u00e1cil. <\/p>\n\n\n\n<p class=\"has-neve-text-color-color has-text-color\">Realizamos construcciones de obra nueva y gestionamos los medios para conseguir que el proyecto se haga realidad. <\/p>\n\n\n\n<div class=\"wp-container-3 wp-block-buttons\">\n<div class=\"wp-block-button is-style-primary\"><a class=\"wp-block-button__link\" href=\"https:\/\/consentvic.com\/es\/contact\/\">CONTACTA<\/a><\/div>\n<\/div>\n<\/div>\n<\/div>\n\n\n\n<div style=\"height:40px\" aria-hidden=\"true\" class=\"wp-block-spacer\"><\/div>\n<\/div><\/div>\n<\/div><\/div>\n\n\n\n<div class=\"wp-block-cover alignfull\" style=\"min-height:600px\"><span aria-hidden=\"true\" class=\"has-nv-site-bg-background-color has-background-dim-100 wp-block-cover__gradient-background has-background-dim\"><\/span><div class=\"wp-block-cover__inner-container\">\n<div class=\"wp-container-6 wp-block-group\"><div class=\"wp-block-group__inner-container\">\n<div style=\"height:80px\" aria-hidden=\"true\" class=\"wp-block-spacer\"><\/div>\n\n\n\n<div class=\"wp-block-columns are-vertically-aligned-center\">\n<div class=\"wp-block-column is-vertically-aligned-center\" style=\"flex-basis:50%\">\n<h2 class=\"has-text-align-left has-neve-text-color-color has-text-color\">Reformas<\/h2>\n\n\n\n<p class=\"has-text-align-left has-neve-text-color-color has-text-color\" style=\"font-size:17px\">\u00bfEs momento de poner en marcha esa reforma tan esperada? Nuestra empresa es especialista en la realizaci\u00f3n de modificaciones y reformas en obras existentes como cocinas, ba\u00f1os, habitaciones\u2026  <\/p>\n\n\n\n<div class=\"wp-container-5 wp-block-buttons\">\n<div class=\"wp-block-button is-style-primary\"><a class=\"wp-block-button__link\" href=\"https:\/\/consentvic.com\/es\/contact\/\">CONTACTA<\/a><\/div>\n<\/div>\n\n\n\n<div style=\"height:40px\" aria-hidden=\"true\" class=\"wp-block-spacer\"><\/div>\n<\/div>\n\n\n\n<div class=\"wp-block-column is-vertically-aligned-center\" style=\"flex-basis:50%\">\n<figure class=\"wp-block-image size-full\"><img loading=\"lazy\" width=\"1024\" height=\"768\" src=\"https:\/\/consentvic.com\/wp-content\/uploads\/2022\/04\/PHOTO-2020-03-02-09-38-17-4.jpg\" alt=\"\" class=\"wp-image-168\" srcset=\"https:\/\/consentvic.com\/wp-content\/uploads\/2022\/04\/PHOTO-2020-03-02-09-38-17-4.jpg 1024w, https:\/\/consentvic.com\/wp-content\/uploads\/2022\/04\/PHOTO-2020-03-02-09-38-17-4-300x225.jpg 300w, https:\/\/consentvic.com\/wp-content\/uploads\/2022\/04\/PHOTO-2020-03-02-09-38-17-4-768x576.jpg 768w, https:\/\/consentvic.com\/wp-content\/uploads\/2022\/04\/PHOTO-2020-03-02-09-38-17-4-16x12.jpg 16w\" sizes=\"(max-width: 1024px) 100vw, 1024px\" \/><\/figure>\n<\/div>\n<\/div>\n\n\n\n<div style=\"height:40px\" aria-hidden=\"true\" class=\"wp-block-spacer\"><\/div>\n<\/div><\/div>\n<\/div><\/div>\n\n\n\n<div class=\"wp-block-cover alignfull\" style=\"min-height:600px\"><span aria-hidden=\"true\" class=\"has-nv-dark-bg-background-color has-background-dim-100 wp-block-cover__gradient-background has-background-dim\"><\/span><div class=\"wp-block-cover__inner-container\">\n<div class=\"wp-container-8 wp-block-group\"><div class=\"wp-block-group__inner-container\">\n<div style=\"height:80px\" aria-hidden=\"true\" class=\"wp-block-spacer\"><\/div>\n\n\n\n<div class=\"wp-block-columns are-vertically-aligned-center\">\n<div class=\"wp-block-column is-vertically-aligned-center\" style=\"flex-basis:50%\">\n<figure class=\"wp-block-image size-large\"><img loading=\"lazy\" width=\"1024\" height=\"768\" src=\"https:\/\/consentvic.com\/wp-content\/uploads\/2022\/04\/Rehabilitacions-1024x768.jpeg\" alt=\"\" class=\"wp-image-173\" srcset=\"https:\/\/consentvic.com\/wp-content\/uploads\/2022\/04\/Rehabilitacions-1024x768.jpeg 1024w, https:\/\/consentvic.com\/wp-content\/uploads\/2022\/04\/Rehabilitacions-300x225.jpeg 300w, https:\/\/consentvic.com\/wp-content\/uploads\/2022\/04\/Rehabilitacions-768x576.jpeg 768w, https:\/\/consentvic.com\/wp-content\/uploads\/2022\/04\/Rehabilitacions-1536x1152.jpeg 1536w, https:\/\/consentvic.com\/wp-content\/uploads\/2022\/04\/Rehabilitacions-2048x1536.jpeg 2048w, https:\/\/consentvic.com\/wp-content\/uploads\/2022\/04\/Rehabilitacions-16x12.jpeg 16w\" sizes=\"(max-width: 1024px) 100vw, 1024px\" \/><\/figure>\n<\/div>\n\n\n\n<div class=\"wp-block-column is-vertically-aligned-center\" style=\"flex-basis:50%\">\n<div style=\"height:40px\" aria-hidden=\"true\" class=\"wp-block-spacer\"><\/div>\n\n\n\n<h2 class=\"has-text-align-left has-nv-text-dark-bg-color has-text-color\">Rehabilitaciones<\/h2>\n\n\n\n<p class=\"has-text-align-left has-nv-text-dark-bg-color has-text-color\" style=\"font-size:17px\">Aplicamos soluciones t\u00e9cnicas para realizar cualquier tipo de rehabilitaci\u00f3n: integrales, de fachadas, cubiertos, entre otros. <\/p>\n\n\n\n<div class=\"wp-container-7 wp-block-buttons\">\n<div class=\"wp-block-button is-style-primary\"><a class=\"wp-block-button__link\" href=\"https:\/\/consentvic.com\/es\/contact\/\">CONTACTA<\/a><\/div>\n<\/div>\n<\/div>\n<\/div>\n\n\n\n<div style=\"height:40px\" aria-hidden=\"true\" class=\"wp-block-spacer\"><\/div>\n<\/div><\/div>\n<\/div><\/div>\n\n\n\n<div style=\"height:40px\" aria-hidden=\"true\" class=\"wp-block-spacer\"><\/div>\n\n\n\n<div class=\"wp-block-cover alignfull\" style=\"min-height:652px\"><span aria-hidden=\"true\" class=\"has-nv-light-bg-background-color has-background-dim-100 wp-block-cover__gradient-background has-background-dim\"><\/span><div class=\"wp-block-cover__inner-container\">\n<h2 class=\"has-nv-dark-bg-color has-text-color\">Opiniones de los clientes<\/h2>\n\n\n\n<hr class=\"wp-block-separator has-text-color has-background has-nv-dark-bg-background-color has-nv-dark-bg-color\"\/>\n\n\n\n<div class=\"wp-block-columns\">\n<div class=\"wp-block-column\">\n<p class=\"has-text-align-center has-neve-text-color-color has-text-color\"><strong>MANUEL<\/strong><\/p>\n\n\n\n<p class=\"has-text-align-center has-neve-text-color-color has-text-color has-normal-font-size\">\u201cConstrucciones&nbsp;Sentfores&nbsp;Vic&nbsp;es muy seria, competente y cumplidora. Sus presupuestos son claros y detallados y adem\u00e1s cuenta con grandes profesionales.\u201d<\/p>\n\n\n\n<div style=\"height:20px\" aria-hidden=\"true\" class=\"wp-block-spacer\"><\/div>\n<\/div>\n\n\n\n<div class=\"wp-block-column\">\n<p class=\"has-text-align-center has-neve-text-color-color has-text-color\"><strong>TONI<\/strong><\/p>\n\n\n\n<p class=\"has-text-align-center has-neve-text-color-color has-text-color has-normal-font-size\">\u201cSon una empresa muy competente y profesional. Me han respondido con rapidez y los precios no han sido elevados a la hora de realizar la reforma. Decir tambi\u00e9n que son muy limpios y lo dejan todo en perfectas condiciones. La verdad volver\u00e9 a contactar con ellos.\u201d<\/p>\n<\/div>\n\n\n\n<div class=\"wp-block-column\">\n<p class=\"has-text-align-center has-neve-text-color-color has-text-color\"><strong>I\u00d1AKI<\/strong><\/p>\n\n\n\n<p class=\"has-text-align-center has-neve-text-color-color has-text-color has-normal-font-size\">\u201cMe dieron buen trato me llamaron de forma r\u00e1pida, amables y me dieron presupuesto muy detallado, tambi\u00e9n muy r\u00e1pido, el precio muy correcto, econ\u00f3mico\u201d<\/p>\n\n\n\n<div style=\"height:20px\" aria-hidden=\"true\" class=\"wp-block-spacer\"><\/div>\n<\/div>\n<\/div>\n\n\n\n<div style=\"height:30px\" aria-hidden=\"true\" class=\"wp-block-spacer\"><\/div>\n\n\n\n<ul class=\"wp-container-9 wp-block-social-links has-normal-icon-size has-icon-background-color is-style-default\"><li style=\"background-color: var(--nv-dark-bg); \" class=\"wp-social-link wp-social-link-google wp-block-social-link\"><a href=\"https:\/\/empresas.habitissimo.es\/pro\/construccions-sentfores-vic-sl\/opiniones\" aria-label=\"Google: https:\/\/empresas.habitissimo.es\/pro\/construccions-sentfores-vic-sl\/opiniones\" rel=\"noopener nofollow\" target=\"_blank\" class=\"wp-block-social-link-anchor\"> <svg width=\"24\" height=\"24\" viewbox=\"0 0 24 24\" version=\"1.1\" xmlns=\"http:\/\/www.w3.org\/2000\/svg\" role=\"img\" aria-hidden=\"true\" focusable=\"false\"><path d=\"M12.02,10.18v3.72v0.01h5.51c-0.26,1.57-1.67,4.22-5.5,4.22c-3.31,0-6.01-2.75-6.01-6.12s2.7-6.12,6.01-6.12 c1.87,0,3.13,0.8,3.85,1.48l2.84-2.76C16.99,2.99,14.73,2,12.03,2c-5.52,0-10,4.48-10,10s4.48,10,10,10c5.77,0,9.6-4.06,9.6-9.77 c0-0.83-0.11-1.42-0.25-2.05H12.02z\"><\/path><\/svg><\/a><\/li><\/ul>\n<\/div><\/div>\n\n\n\n<div class=\"wp-block-cover alignfull\" style=\"min-height:300px\"><span aria-hidden=\"true\" class=\"has-nv-dark-bg-background-color has-background-dim-100 wp-block-cover__gradient-background has-background-dim\"><\/span><div class=\"wp-block-cover__inner-container\">\n<div style=\"height:140px\" aria-hidden=\"true\" class=\"wp-block-spacer\"><\/div>\n\n\n\n<h2 class=\"has-text-align-center has-nv-text-dark-bg-color has-text-color\">Si tienes un proyecto, con nosotros podr\u00e1s hacerlo realidad<\/h2>\n\n\n\n<p class=\"has-text-align-center has-medium-font-size\">\u00bfCrees que ha llegado el momento de poner en marcha aquellas reformas tan esperadas? \u00bfNecesitas ayuda profesional para llevar a cabo obras y no sabes por d\u00f3nde empezar?<\/p>\n\n\n\n<div class=\"wp-container-10 wp-block-buttons\">\n<div class=\"wp-block-button is-style-primary\"><a class=\"wp-block-button__link\" href=\"https:\/\/consentvic.com\/es\/contact\/\">CONTACTA CON NOSOTROS<\/a><\/div>\n<\/div>\n\n\n\n<div style=\"height:140px\" aria-hidden=\"true\" class=\"wp-block-spacer\"><\/div>\n<\/div><\/div>","protected":false},"excerpt":{"rendered":"<p>Pressupostos a mida Realitzem pressupostos sense comprom\u00eds adaptats a les necessitats de cada client. Domini del sector Som especialistes en reformes, rehabilitacions de vivenda i obra nova. Treball r\u00e0pid i efica\u00e7 Ens esfor\u00e7em per aconseguir que els projectes puguin gaudir-se de forma r\u00e0pida, per\u00f2 alhora sense oblidar el nostre principi d&#8217;efic\u00e0cia.<\/p>","protected":false},"author":1,"featured_media":0,"parent":0,"menu_order":0,"comment_status":"closed","ping_status":"closed","template":"","meta":{"neve_meta_sidebar":"","neve_meta_container":"","neve_meta_enable_content_width":"on","neve_meta_content_width":100,"neve_meta_title_alignment":"","neve_meta_author_avatar":"","neve_post_elements_order":"","neve_meta_disable_header":"","neve_meta_disable_footer":"","neve_meta_disable_title":"on"},"_links":{"self":[{"href":"https:\/\/consentvic.com\/es\/wp-json\/wp\/v2\/pages\/6"}],"collection":[{"href":"https:\/\/consentvic.com\/es\/wp-json\/wp\/v2\/pages"}],"about":[{"href":"https:\/\/consentvic.com\/es\/wp-json\/wp\/v2\/types\/page"}],"author":[{"embeddable":true,"href":"https:\/\/consentvic.com\/es\/wp-json\/wp\/v2\/users\/1"}],"replies":[{"embeddable":true,"href":"https:\/\/consentvic.com\/es\/wp-json\/wp\/v2\/comments?post=6"}],"version-history":[{"count":13,"href":"https:\/\/consentvic.com\/es\/wp-json\/wp\/v2\/pages\/6\/revisions"}],"predecessor-version":[{"id":233,"href":"https:\/\/consentvic.com\/es\/wp-json\/wp\/v2\/pages\/6\/revisions\/233"}],"wp:attachment":[{"href":"https:\/\/consentvic.com\/es\/wp-json\/wp\/v2\/media?parent=6"}],"curies":[{"name":"wp","href":"https:\/\/api.w.org\/{rel}","templated":true}]}}