{"id":7,"date":"2022-04-09T15:19:15","date_gmt":"2022-04-09T15:19:15","guid":{"rendered":"https:\/\/consentvic.com\/?page_id=7"},"modified":"2022-04-15T11:32:54","modified_gmt":"2022-04-15T10:32:54","slug":"about","status":"publish","type":"page","link":"https:\/\/consentvic.com\/es\/about\/","title":{"rendered":"Acerca de"},"content":{"rendered":"<div class=\"wp-block-cover alignfull\" style=\"min-height:300px\"><span aria-hidden=\"true\" class=\"has-nv-site-bg-background-color has-background-dim-100 wp-block-cover__gradient-background has-background-dim\"><\/span><div class=\"wp-block-cover__inner-container\">\n<div class=\"wp-container-1 wp-block-group\"><div class=\"wp-block-group__inner-container\">\n<h1 class=\"has-text-align-left has-neve-text-color-color has-text-color\">Sobre Nosotros<\/h1>\n<\/div><\/div>\n<\/div><\/div>\n\n\n\n<div class=\"wp-block-cover alignfull\" style=\"min-height:600px\"><span aria-hidden=\"true\" class=\"has-nv-light-bg-background-color has-background-dim-100 wp-block-cover__gradient-background has-background-dim\"><\/span><div class=\"wp-block-cover__inner-container\">\n<div class=\"wp-container-2 wp-block-group\"><div class=\"wp-block-group__inner-container\">\n<div style=\"height:80px\" aria-hidden=\"true\" class=\"wp-block-spacer\"><\/div>\n\n\n\n<div class=\"wp-block-columns are-vertically-aligned-center\">\n<div class=\"wp-block-column is-vertically-aligned-center\" style=\"flex-basis:50%\">\n<figure class=\"wp-block-image size-large\"><img loading=\"lazy\" width=\"1024\" height=\"717\" src=\"https:\/\/consentvic.com\/wp-content\/uploads\/2022\/04\/Camio-About-1024x717.png\" alt=\"\" class=\"wp-image-124\" srcset=\"https:\/\/consentvic.com\/wp-content\/uploads\/2022\/04\/Camio-About-1024x717.png 1024w, https:\/\/consentvic.com\/wp-content\/uploads\/2022\/04\/Camio-About-300x210.png 300w, https:\/\/consentvic.com\/wp-content\/uploads\/2022\/04\/Camio-About-768x538.png 768w, https:\/\/consentvic.com\/wp-content\/uploads\/2022\/04\/Camio-About-1536x1076.png 1536w, https:\/\/consentvic.com\/wp-content\/uploads\/2022\/04\/Camio-About-2048x1435.png 2048w, https:\/\/consentvic.com\/wp-content\/uploads\/2022\/04\/Camio-About-18x12.png 18w\" sizes=\"(max-width: 1024px) 100vw, 1024px\" \/><\/figure>\n<\/div>\n\n\n\n<div class=\"wp-block-column is-vertically-aligned-center\" style=\"flex-basis:50%\">\n<h2 class=\"has-neve-text-color-color has-text-color\">Nuestra Historia<\/h2>\n\n\n\n<p class=\"has-neve-text-color-color has-text-color has-medium-font-size\">Somos una empresa constructora de Sentfores (Vic) caracterizada por el trabajo <strong><b>r\u00e1pido<\/b><\/strong>, <strong><b>eficaz<\/b> <\/strong>y a <strong><b>costes competitivos<\/b><\/strong>. <\/p>\n\n\n\n<p class=\"has-neve-text-color-color has-text-color\">Sumamos m\u00e1s de 25 a\u00f1os de experi\u00e9ncia en el sector de la construcci\u00f3n y disponemos de personal y material propios encarados a ofrecer el mejor servicio posible, siempre a disposici\u00f3n del cliente. <\/p>\n<\/div>\n<\/div>\n\n\n\n<div style=\"height:40px\" aria-hidden=\"true\" class=\"wp-block-spacer\"><\/div>\n<\/div><\/div>\n<\/div><\/div>\n\n\n\n<div class=\"wp-block-cover alignfull\" style=\"min-height:600px\"><span aria-hidden=\"true\" class=\"has-nv-dark-bg-background-color has-background-dim-100 wp-block-cover__gradient-background has-background-dim\"><\/span><div class=\"wp-block-cover__inner-container\">\n<div class=\"wp-container-4 wp-block-group\"><div class=\"wp-block-group__inner-container\">\n<div style=\"height:80px\" aria-hidden=\"true\" class=\"wp-block-spacer\"><\/div>\n\n\n\n<div class=\"wp-block-columns are-vertically-aligned-center\">\n<div class=\"wp-block-column is-vertically-aligned-center\" style=\"flex-basis:50%\">\n<h2 class=\"has-nv-text-dark-bg-color has-text-color\">Nos mueven los valores y la satisfacci\u00f3n de los clientes<\/h2>\n\n\n\n<p class=\"has-nv-text-dark-bg-color has-text-color\">Nuestra motivaci\u00f3n a la hora de trabajar es la satisfacci\u00f3n del cliente. Para nosotros, lo m\u00e1s importante a la hora de dar por terminado un trabajo es que el cliente est\u00e9 contento con el trabajo realizado. <\/p>\n\n\n\n<p>Necesitas ayuda? Ponte en contacto con nosotros!<\/p>\n\n\n\n<div style=\"height:10px\" aria-hidden=\"true\" class=\"wp-block-spacer\"><\/div>\n\n\n\n<div class=\"wp-container-3 wp-block-buttons\">\n<div class=\"wp-block-button is-style-primary\"><a class=\"wp-block-button__link\" href=\"https:\/\/consentvic.com\/es\/contact\/\">HABLEMOS DE ELLO  \ud83d\udcde<\/a><\/div>\n<\/div>\n\n\n\n<div style=\"height:20px\" aria-hidden=\"true\" class=\"wp-block-spacer\"><\/div>\n<\/div>\n\n\n\n<div class=\"wp-block-column is-vertically-aligned-center\" style=\"flex-basis:50%\">\n<figure class=\"wp-block-image size-large\"><img loading=\"lazy\" width=\"2546\" height=\"2560\" src=\"https:\/\/consentvic.com\/wp-content\/uploads\/2022\/04\/IMG_1151-2-edited-4-scaled.jpg\" alt=\"\" class=\"wp-image-186\" srcset=\"https:\/\/consentvic.com\/wp-content\/uploads\/2022\/04\/IMG_1151-2-edited-4-scaled.jpg 2546w, https:\/\/consentvic.com\/wp-content\/uploads\/2022\/04\/IMG_1151-2-edited-4-298x300.jpg 298w, https:\/\/consentvic.com\/wp-content\/uploads\/2022\/04\/IMG_1151-2-edited-4-1019x1024.jpg 1019w, https:\/\/consentvic.com\/wp-content\/uploads\/2022\/04\/IMG_1151-2-edited-4-150x150.jpg 150w, https:\/\/consentvic.com\/wp-content\/uploads\/2022\/04\/IMG_1151-2-edited-4-768x772.jpg 768w, https:\/\/consentvic.com\/wp-content\/uploads\/2022\/04\/IMG_1151-2-edited-4-1528x1536.jpg 1528w, https:\/\/consentvic.com\/wp-content\/uploads\/2022\/04\/IMG_1151-2-edited-4-2037x2048.jpg 2037w, https:\/\/consentvic.com\/wp-content\/uploads\/2022\/04\/IMG_1151-2-edited-4-12x12.jpg 12w\" sizes=\"(max-width: 2546px) 100vw, 2546px\" \/><\/figure>\n<\/div>\n<\/div>\n\n\n\n<div style=\"height:40px\" aria-hidden=\"true\" class=\"wp-block-spacer\"><\/div>\n<\/div><\/div>\n<\/div><\/div>\n\n\n\n<div class=\"wp-block-cover alignfull\" style=\"min-height:420px\"><span aria-hidden=\"true\" class=\"has-nv-site-bg-background-color has-background-dim-100 wp-block-cover__gradient-background has-background-dim\"><\/span><div class=\"wp-block-cover__inner-container\">\n<div style=\"height:80px\" aria-hidden=\"true\" class=\"wp-block-spacer\"><\/div>\n\n\n\n<div class=\"wp-block-columns\">\n<div class=\"wp-block-column ticss-4ce656f1\">\n<div class=\"wp-block-image icon-style is-style-rounded\"><figure class=\"aligncenter size-large is-resized\"><img loading=\"lazy\" src=\"https:\/\/consentvic.com\/wp-content\/themes\/neve\/assets\/img\/new-added\/home_repair_service_black_24dp.svg\" alt=\"\" width=\"56\" height=\"56\"\/><\/figure><\/div>\n\n\n\n<h4 class=\"has-text-align-center has-neve-text-color-color has-text-color\">Trabajo eficiente<\/h4>\n\n\n\n<p class=\"has-text-align-center has-neve-text-color-color has-text-color\" style=\"font-size:15px\">Nuestra empresa se caracteriza por el trabajo r\u00e1pido y a su vez productivo <\/p>\n\n\n\n<div style=\"height:20px\" aria-hidden=\"true\" class=\"wp-block-spacer\"><\/div>\n<\/div>\n\n\n\n<div class=\"wp-block-column ticss-f6fc7494\">\n<div class=\"wp-block-image icon-style is-style-rounded\"><figure class=\"aligncenter size-large is-resized\"><img loading=\"lazy\" src=\"https:\/\/consentvic.com\/wp-content\/themes\/neve\/assets\/img\/new-added\/verified_black_24dp.svg\" alt=\"\" width=\"49\" height=\"49\"\/><\/figure><\/div>\n\n\n\n<div style=\"height:10px\" aria-hidden=\"true\" class=\"wp-block-spacer\"><\/div>\n\n\n\n<h4 class=\"has-text-align-center has-neve-text-color-color has-text-color\">Comprometida con los clientes<\/h4>\n\n\n\n<p class=\"has-text-align-center has-neve-text-color-color has-text-color\" style=\"font-size:15px\">Nos esforzamos en cumplir los plazos de entrega de los proyectos solicitados<\/p>\n\n\n\n<div style=\"height:20px\" aria-hidden=\"true\" class=\"wp-block-spacer\"><\/div>\n<\/div>\n\n\n\n<div class=\"wp-block-column ticss-a5b4df29\">\n<div class=\"wp-block-image icon-style is-style-rounded\"><figure class=\"aligncenter size-large is-resized\"><img loading=\"lazy\" src=\"https:\/\/consentvic.com\/wp-content\/themes\/neve\/assets\/img\/new-added\/description_black_24dp.svg\" alt=\"\" width=\"51\" height=\"51\"\/><\/figure><\/div>\n\n\n\n<div style=\"height:10px\" aria-hidden=\"true\" class=\"wp-block-spacer\"><\/div>\n\n\n\n<h4 class=\"has-text-align-center has-neve-text-color-color has-text-color\">Presupuestos sin compromiso<\/h4>\n\n\n\n<p class=\"has-text-align-center has-neve-text-color-color has-text-color\" style=\"font-size:15px\">Realizamos presupuestos sin compromiso adaptados a las necesidades del cliente<\/p>\n\n\n\n<div style=\"height:20px\" aria-hidden=\"true\" class=\"wp-block-spacer\"><\/div>\n<\/div>\n<\/div>\n\n\n\n<div style=\"height:30px\" aria-hidden=\"true\" class=\"wp-block-spacer\"><\/div>\n<\/div><\/div>\n\n\n\n<p><\/p>","protected":false},"excerpt":{"rendered":"","protected":false},"author":1,"featured_media":0,"parent":0,"menu_order":0,"comment_status":"closed","ping_status":"closed","template":"","meta":{"neve_meta_sidebar":"","neve_meta_container":"","neve_meta_enable_content_width":"on","neve_meta_content_width":100,"neve_meta_title_alignment":"","neve_meta_author_avatar":"","neve_post_elements_order":"","neve_meta_disable_header":"","neve_meta_disable_footer":"","neve_meta_disable_title":"on"},"_links":{"self":[{"href":"https:\/\/consentvic.com\/es\/wp-json\/wp\/v2\/pages\/7"}],"collection":[{"href":"https:\/\/consentvic.com\/es\/wp-json\/wp\/v2\/pages"}],"about":[{"href":"https:\/\/consentvic.com\/es\/wp-json\/wp\/v2\/types\/page"}],"author":[{"embeddable":true,"href":"https:\/\/consentvic.com\/es\/wp-json\/wp\/v2\/users\/1"}],"replies":[{"embeddable":true,"href":"https:\/\/consentvic.com\/es\/wp-json\/wp\/v2\/comments?post=7"}],"version-history":[{"count":10,"href":"https:\/\/consentvic.com\/es\/wp-json\/wp\/v2\/pages\/7\/revisions"}],"predecessor-version":[{"id":187,"href":"https:\/\/consentvic.com\/es\/wp-json\/wp\/v2\/pages\/7\/revisions\/187"}],"wp:attachment":[{"href":"https:\/\/consentvic.com\/es\/wp-json\/wp\/v2\/media?parent=7"}],"curies":[{"name":"wp","href":"https:\/\/api.w.org\/{rel}","templated":true}]}}