{"id":8,"date":"2022-04-09T15:19:15","date_gmt":"2022-04-09T15:19:15","guid":{"rendered":"https:\/\/consentvic.com\/?page_id=8"},"modified":"2022-05-13T23:24:14","modified_gmt":"2022-05-13T22:24:14","slug":"contact","status":"publish","type":"page","link":"https:\/\/consentvic.com\/es\/contact\/","title":{"rendered":"Contacto"},"content":{"rendered":"<div class=\"wp-block-cover alignfull\" style=\"min-height:300px\"><span aria-hidden=\"true\" class=\"has-nv-site-bg-background-color has-background-dim-100 wp-block-cover__gradient-background has-background-dim\"><\/span><div class=\"wp-block-cover__inner-container\">\n<div class=\"wp-container-1 wp-block-group\"><div class=\"wp-block-group__inner-container\">\n<h1 class=\"has-text-align-left has-neve-text-color-color has-text-color\">Contacta con nosotros<\/h1>\n<\/div><\/div>\n<\/div><\/div>\n\n\n\n<div class=\"wp-block-cover alignfull\" style=\"min-height:420px\"><span aria-hidden=\"true\" class=\"has-nv-light-bg-background-color has-background-dim-100 wp-block-cover__gradient-background has-background-dim\"><\/span><div class=\"wp-block-cover__inner-container\">\n<div style=\"height:80px\" aria-hidden=\"true\" class=\"wp-block-spacer\"><\/div>\n\n\n\n<div class=\"wp-block-columns\">\n<div class=\"wp-block-column\">\n<div style=\"height:24px\" aria-hidden=\"true\" class=\"wp-block-spacer\"><\/div>\n\n\n\n<div class=\"wp-block-image icon-style is-style-rounded\"><figure class=\"aligncenter is-resized\"><img loading=\"lazy\" src=\"https:\/\/consentvic.com\/wp-content\/themes\/neve\/assets\/img\/starter-content\/icon-05.svg\" alt=\"\" width=\"48\" height=\"48\"\/><\/figure><\/div>\n\n\n\n<h3 class=\"has-text-align-center has-neve-text-color-color has-text-color\">Ll\u00e1manos<\/h3>\n\n\n\n<p class=\"has-text-align-center has-neve-text-color-color has-text-color\" style=\"font-size:15px\">Puedes llamarnos a cualquiera de los dos tel\u00e9fonos: Llu\u00eds: 610-906-012 | Oficina: 938-852-527<\/p>\n\n\n\n<div style=\"height:24px\" aria-hidden=\"true\" class=\"wp-block-spacer\"><\/div>\n<\/div>\n\n\n\n<div class=\"wp-block-column\">\n<div style=\"height:24px\" aria-hidden=\"true\" class=\"wp-block-spacer\"><\/div>\n\n\n\n<div class=\"wp-block-image icon-style is-style-rounded\"><figure class=\"aligncenter is-resized\"><img loading=\"lazy\" src=\"https:\/\/consentvic.com\/wp-content\/themes\/neve\/assets\/img\/starter-content\/icon-06.svg\" alt=\"\" width=\"48\" height=\"48\"\/><\/figure><\/div>\n\n\n\n<h3 class=\"has-text-align-center has-neve-text-color-color has-text-color\">Correo Electr\u00f3nico<\/h3>\n\n\n\n<p class=\"has-text-align-center has-neve-text-color-color has-text-color\" style=\"font-size:15px\">Puedes enviarnos un correo electr\u00f3nico a: consentvic@gmail.com<\/p>\n\n\n\n<div style=\"height:24px\" aria-hidden=\"true\" class=\"wp-block-spacer\"><\/div>\n<\/div>\n\n\n\n<div class=\"wp-block-column\">\n<div style=\"height:24px\" aria-hidden=\"true\" class=\"wp-block-spacer\"><\/div>\n\n\n\n<div class=\"wp-block-image icon-style is-style-rounded\"><figure class=\"aligncenter is-resized\"><img loading=\"lazy\" src=\"https:\/\/consentvic.com\/wp-content\/themes\/neve\/assets\/img\/starter-content\/icon-04.svg\" alt=\"\" width=\"48\" height=\"48\"\/><\/figure><\/div>\n\n\n\n<h3 class=\"has-text-align-center has-neve-text-color-color has-text-color\">Oficina<\/h3>\n\n\n\n<p class=\"has-text-align-center has-neve-text-color-color has-text-color\" style=\"font-size:15px\">\u200f\u200f\u200e\u200f\u200f\u200e\u200e\u200f\u200f\u200e\u200f\u200f\u200e\u200e\u200f\u200f\u200e\u200f\u200f\u200e\u200e\u200e\u200d\u200d\u200d\u200d\u200d\u200e \u200f\u200f\u200e\u200e \u200f\u200f\u200e\u200e \u200f\u200f\u200e\u200f\u200f\u200e\u200e\u200e\u200d\u200d\u200d\u200d\u200d\u200e \u200f\u200f\u200e\u200e \u200f\u200f\u200e\u200e \u200f\u200f\u200e\u200f\u200f\u200e\u200e \u200f\u200f\u200e\u200e\u00a0\u200e\u200d\u200d\u200d\u200d\u200d\u200e \u200f\u200f\u200e\u200e \u200f\u200f\u200e\u200e \u200f\u200f\u200e\u200f\u200f\u200e\u200e \u200f\u200f\u200e\u200e\u00a0 \u200f\u200f\u200e\u200e\u00a0Encontrar\u00e1s nuestra oficina en:\u200f\u200f\u200e\u200f\u200f\u200e\u200e \u200e\u200d\u200d\u200d\u200d\u200d\u200e \u200f\u200f\u200e\u200e \u200f\u200f\u200e\u200e\u200e\u200d\u200d\u200d\u200d\u200d\u200e \u200f\u200f\u200e\u200e \u200f\u200f\u200e\u200e \u200f\u200f\u200e\u200f\u200f\u200e\u200e \u200f\u200f\u200e\u200e\u00a0\u200e\u200d\u200d\u200d\u200d\u200d\u200e \u200f\u200f\u200e\u200e \u200f\u200f\u200e\u200e \u200f\u200f\u200e\u200f\u200f\u200e\u200e \u200f\u200f\u200e\u200e\u00a0 \u200f\u200f\u200e\u200f\u200f\u200e\u200e \u200f\u200f\u200e\u200e\u00a0Carrer de Pau Casals, 18 Sentfores-Vic (08500)<\/p>\n\n\n\n<div style=\"height:24px\" aria-hidden=\"true\" class=\"wp-block-spacer\"><\/div>\n<\/div>\n<\/div>\n\n\n\n<div style=\"height:30px\" aria-hidden=\"true\" class=\"wp-block-spacer\"><\/div>\n<\/div><\/div>\n\n\n\n<div class=\"wp-block-cover alignfull\" style=\"min-height:600px\"><span aria-hidden=\"true\" class=\"has-nv-dark-bg-background-color has-background-dim-100 wp-block-cover__gradient-background has-background-dim\"><\/span><div class=\"wp-block-cover__inner-container\">\n<div class=\"wp-container-2 wp-block-group\"><div class=\"wp-block-group__inner-container\">\n<div style=\"height:80px\" aria-hidden=\"true\" class=\"wp-block-spacer\"><\/div>\n\n\n\n<div class=\"wp-block-columns\">\n<div class=\"wp-block-column is-vertically-aligned-center\" style=\"flex-basis:50%\">\n<h2 class=\"has-nv-text-dark-bg-color has-text-color\">Env\u00edanos un mensaje por correo electr\u00f3nico, WhatsApp o ll\u00e1menos<\/h2>\n\n\n\n<p class=\"has-white-color has-text-color\">Si tienes cualquier duda puedes ponerte en contacto con nosotros a trav\u00e9s de cualquier canal facilitado en esta p\u00e1gina. <\/p>\n<\/div>\n\n\n\n<div class=\"wp-block-column is-vertically-aligned-center\" style=\"flex-basis:50%\">\n<figure class=\"wp-block-image size-large\"><img src=\"https:\/\/consentvic.com\/wp-content\/themes\/neve\/assets\/img\/new-added\/map-sentfores.png\" alt=\"\"\/><\/figure>\n<\/div>\n<\/div>\n\n\n\n<div style=\"height:40px\" aria-hidden=\"true\" class=\"wp-block-spacer\"><\/div>\n<\/div><\/div>\n<\/div><\/div>\n\n\n\n<p><\/p>","protected":false},"excerpt":{"rendered":"","protected":false},"author":1,"featured_media":0,"parent":0,"menu_order":0,"comment_status":"closed","ping_status":"closed","template":"","meta":{"neve_meta_sidebar":"","neve_meta_container":"","neve_meta_enable_content_width":"on","neve_meta_content_width":100,"neve_meta_title_alignment":"","neve_meta_author_avatar":"","neve_post_elements_order":"","neve_meta_disable_header":"","neve_meta_disable_footer":"","neve_meta_disable_title":"on"},"_links":{"self":[{"href":"https:\/\/consentvic.com\/es\/wp-json\/wp\/v2\/pages\/8"}],"collection":[{"href":"https:\/\/consentvic.com\/es\/wp-json\/wp\/v2\/pages"}],"about":[{"href":"https:\/\/consentvic.com\/es\/wp-json\/wp\/v2\/types\/page"}],"author":[{"embeddable":true,"href":"https:\/\/consentvic.com\/es\/wp-json\/wp\/v2\/users\/1"}],"replies":[{"embeddable":true,"href":"https:\/\/consentvic.com\/es\/wp-json\/wp\/v2\/comments?post=8"}],"version-history":[{"count":12,"href":"https:\/\/consentvic.com\/es\/wp-json\/wp\/v2\/pages\/8\/revisions"}],"predecessor-version":[{"id":238,"href":"https:\/\/consentvic.com\/es\/wp-json\/wp\/v2\/pages\/8\/revisions\/238"}],"wp:attachment":[{"href":"https:\/\/consentvic.com\/es\/wp-json\/wp\/v2\/media?parent=8"}],"curies":[{"name":"wp","href":"https:\/\/api.w.org\/{rel}","templated":true}]}}